{"id":82,"date":"2020-02-28T11:51:27","date_gmt":"2020-02-28T11:51:27","guid":{"rendered":"https:\/\/www.usmbrasil.com.br\/site\/?page_id=82"},"modified":"2022-09-20T00:43:24","modified_gmt":"2022-09-20T00:43:24","slug":"222222-2","status":"publish","type":"page","link":"https:\/\/www.usmbrasil.com.br\/site\/222222-2\/","title":{"rendered":"222222"},"content":{"rendered":"\n<figure class=\"wp-block-image size-full\"><img loading=\"lazy\" width=\"1200\" height=\"400\" src=\"https:\/\/www.usmbrasil.com.br\/site\/wp-content\/uploads\/2020\/02\/buddha.jpg\" alt=\"\" class=\"wp-image-89\" srcset=\"https:\/\/www.usmbrasil.com.br\/site\/wp-content\/uploads\/2020\/02\/buddha.jpg 1200w, https:\/\/www.usmbrasil.com.br\/site\/wp-content\/uploads\/2020\/02\/buddha-300x100.jpg 300w, https:\/\/www.usmbrasil.com.br\/site\/wp-content\/uploads\/2020\/02\/buddha-1024x341.jpg 1024w, https:\/\/www.usmbrasil.com.br\/site\/wp-content\/uploads\/2020\/02\/buddha-768x256.jpg 768w\" sizes=\"(max-width: 1200px) 100vw, 1200px\" \/><\/figure>\n\n\n<p>SEJA UM REPRESENTANTE<br>INOVA\u00c7\u00c3O POR TODO O PA\u00cdS<br>Represente a linha de produtos BRSM e conquiste seu espa\u00e7o num mercado altamente promissor. SEJA UM REPRESENTANTE<br>INOVA\u00c7\u00c3O POR TODO O PA\u00cdS<br>Represente a linha de produtos BRSM e conquiste seu espa\u00e7o num mercado altamente promissor.<\/p>","protected":false},"excerpt":{"rendered":"<p>SEJA UM REPRESENTANTEINOVA\u00c7\u00c3O POR TODO O PA\u00cdSRepresente a linha de produtos BRSM e conquiste seu espa\u00e7o num mercado altamente promissor. SEJA UM REPRESENTANTEINOVA\u00c7\u00c3O POR TODO O PA\u00cdSRepresente a linha de produtos BRSM e conquiste seu espa\u00e7o num mercado altamente promissor.<\/p>\n","protected":false},"author":1,"featured_media":0,"parent":0,"menu_order":0,"comment_status":"closed","ping_status":"closed","template":"","meta":[],"_links":{"self":[{"href":"https:\/\/www.usmbrasil.com.br\/site\/wp-json\/wp\/v2\/pages\/82"}],"collection":[{"href":"https:\/\/www.usmbrasil.com.br\/site\/wp-json\/wp\/v2\/pages"}],"about":[{"href":"https:\/\/www.usmbrasil.com.br\/site\/wp-json\/wp\/v2\/types\/page"}],"author":[{"embeddable":true,"href":"https:\/\/www.usmbrasil.com.br\/site\/wp-json\/wp\/v2\/users\/1"}],"replies":[{"embeddable":true,"href":"https:\/\/www.usmbrasil.com.br\/site\/wp-json\/wp\/v2\/comments?post=82"}],"version-history":[{"count":5,"href":"https:\/\/www.usmbrasil.com.br\/site\/wp-json\/wp\/v2\/pages\/82\/revisions"}],"predecessor-version":[{"id":160,"href":"https:\/\/www.usmbrasil.com.br\/site\/wp-json\/wp\/v2\/pages\/82\/revisions\/160"}],"wp:attachment":[{"href":"https:\/\/www.usmbrasil.com.br\/site\/wp-json\/wp\/v2\/media?parent=82"}],"curies":[{"name":"wp","href":"https:\/\/api.w.org\/{rel}","templated":true}]}}