{"id":73,"date":"2020-02-28T11:46:50","date_gmt":"2020-02-28T11:46:50","guid":{"rendered":"https:\/\/www.usmbrasil.com.br\/site\/?page_id=73"},"modified":"2022-10-28T03:23:32","modified_gmt":"2022-10-28T03:23:32","slug":"fda-t2","status":"publish","type":"page","link":"https:\/\/www.usmbrasil.com.br\/site\/fda-t2\/","title":{"rendered":"FDA-T2"},"content":{"rendered":"\n<p><\/p>\n\n\n<p>\u00a0<\/p>\n<p><img loading=\"lazy\" class=\"size-full wp-image-74 alignleft\" src=\"https:\/\/www.usmbrasil.com.br\/site\/wp-content\/uploads\/2020\/02\/FDA-T2.jpg\" alt=\"\" width=\"266\" height=\"380\" srcset=\"https:\/\/www.usmbrasil.com.br\/site\/wp-content\/uploads\/2020\/02\/FDA-T2.jpg 266w, https:\/\/www.usmbrasil.com.br\/site\/wp-content\/uploads\/2020\/02\/FDA-T2-210x300.jpg 210w\" sizes=\"(max-width: 266px) 100vw, 266px\" \/>O novo vaporizador FDA-T2 pode ser usado tanto pra cal\u00e7ados masculino como femininos, e com um equipamento opcional, pode tambem ativar cabedais para sapatos de seguran\u00e7a.<\/p>\n<p>A temperatura \u00e9 controlada de forma precisa por um sensor PT100, e um regulador eletr\u00f4nico.<\/p>\n<p>O fluxo de \u00e1gua \u00e9 controlado por um temporizador independente. Quando o tempo \u00e9 alcan\u00e7ado, o vapor \u00e9 liberado no cabedal em conjunto com ar pressurizado, tornando essa mistura invis\u00edvel na superficie do sapato quando o cabedal \u00e9 retirado da m\u00e1quina. Devido a sua constru\u00e7\u00e3o, \u00e9 poss\u00edvel ativar muitos tipos de cabedais, incluindo os ativados somente \u00e0 seco, usando vapor de \u00e1gua.<\/p>\n<p>Devido ao novo desenho da m\u00e1quina e a isola\u00e7\u00e3o do molde inferior, os danos ao cabedal s\u00e3o evitados e o consumo de energia \u00e9 reduzido. O bico pode ser ativado al\u00e9m da por\u00e7\u00e3o regular do bico sem ser\u00a0 esticado. Essa \u00e9 uma vantagem quando a montagem \u00e9 feita com enfranque, e evita que a cola seja\u00a0 aplicada em uma parte n\u00e3o aquecida. Com\u00a0 Isso, se obt\u00eam um acabamento melhor no bico e uma planta bem definida.<\/p>\n<p><img loading=\"lazy\" class=\"size-full wp-image-279 alignright\" src=\"https:\/\/www.usmbrasil.com.br\/site\/wp-content\/uploads\/2022\/10\/caracteristicas.jpg\" alt=\"\" width=\"434\" height=\"278\" srcset=\"https:\/\/www.usmbrasil.com.br\/site\/wp-content\/uploads\/2022\/10\/caracteristicas.jpg 434w, https:\/\/www.usmbrasil.com.br\/site\/wp-content\/uploads\/2022\/10\/caracteristicas-300x192.jpg 300w\" sizes=\"(max-width: 434px) 100vw, 434px\" \/>O design dos moldes superiores e inferiores permitem que o cabedal seja ativado principalmente na \u00e1rea da margem do bico, e com menos intensidade na \u00e1rea de contato com o apoio do bico da m\u00e1quina de montar.<\/p>\n<p>O vapor \u00e9 gerado diretamente nos moldes, n\u00e3o tendo caldeira separada. Com isso, a m\u00e1quina oferece menos riscos de seguran\u00e7a, melhor manuten\u00e7\u00e3o, menor tempo de aquecimento e menor consumo de energia.<\/p>\n<p>Uma s\u00e9rie de cabedais que antes s\u00f3 podiam ser ativados no bico com calor seco, agora podem ser ativados com vapor.<\/p>\n<p>Os cabedais podem ser ativados al\u00e9m da \u00e1rea do bico sem ser deformados.<\/p>\n<p>\u00a0<\/p>\n<p><img loading=\"lazy\" class=\"size-full wp-image-287 aligncenter\" src=\"https:\/\/www.usmbrasil.com.br\/site\/wp-content\/uploads\/2022\/10\/tecnicos.jpg\" alt=\"\" width=\"735\" height=\"178\" srcset=\"https:\/\/www.usmbrasil.com.br\/site\/wp-content\/uploads\/2022\/10\/tecnicos.jpg 735w, https:\/\/www.usmbrasil.com.br\/site\/wp-content\/uploads\/2022\/10\/tecnicos-300x73.jpg 300w\" sizes=\"(max-width: 735px) 100vw, 735px\" \/><\/p>","protected":false},"excerpt":{"rendered":"<p>\u00a0 O novo vaporizador FDA-T2 pode ser usado tanto pra cal\u00e7ados masculino como femininos, e com um equipamento opcional, pode tambem ativar cabedais para sapatos de seguran\u00e7a. A temperatura \u00e9 controlada de forma precisa por um sensor PT100, e um <a class=\"more-link\" href=\"https:\/\/www.usmbrasil.com.br\/site\/fda-t2\/\">Leia mais&#8230; &raquo;<\/a><\/p>\n","protected":false},"author":1,"featured_media":0,"parent":0,"menu_order":0,"comment_status":"closed","ping_status":"closed","template":"","meta":[],"_links":{"self":[{"href":"https:\/\/www.usmbrasil.com.br\/site\/wp-json\/wp\/v2\/pages\/73"}],"collection":[{"href":"https:\/\/www.usmbrasil.com.br\/site\/wp-json\/wp\/v2\/pages"}],"about":[{"href":"https:\/\/www.usmbrasil.com.br\/site\/wp-json\/wp\/v2\/types\/page"}],"author":[{"embeddable":true,"href":"https:\/\/www.usmbrasil.com.br\/site\/wp-json\/wp\/v2\/users\/1"}],"replies":[{"embeddable":true,"href":"https:\/\/www.usmbrasil.com.br\/site\/wp-json\/wp\/v2\/comments?post=73"}],"version-history":[{"count":13,"href":"https:\/\/www.usmbrasil.com.br\/site\/wp-json\/wp\/v2\/pages\/73\/revisions"}],"predecessor-version":[{"id":288,"href":"https:\/\/www.usmbrasil.com.br\/site\/wp-json\/wp\/v2\/pages\/73\/revisions\/288"}],"wp:attachment":[{"href":"https:\/\/www.usmbrasil.com.br\/site\/wp-json\/wp\/v2\/media?parent=73"}],"curies":[{"name":"wp","href":"https:\/\/api.w.org\/{rel}","templated":true}]}}