{"id":68,"date":"2020-02-28T11:44:46","date_gmt":"2020-02-28T11:44:46","guid":{"rendered":"https:\/\/www.usmbrasil.com.br\/site\/?page_id=68"},"modified":"2022-10-28T03:04:56","modified_gmt":"2022-10-28T03:04:56","slug":"mcf-304","status":"publish","type":"page","link":"https:\/\/www.usmbrasil.com.br\/site\/mcf-304\/","title":{"rendered":"MCF-304"},"content":{"rendered":"\n<p><\/p>\n\n\n<p>\u00a0<\/p>\n<p><img loading=\"lazy\" class=\"alignleft wp-image-69 size-full\" src=\"https:\/\/www.usmbrasil.com.br\/site\/wp-content\/uploads\/2020\/02\/MCF-304.jpg\" alt=\"\" width=\"266\" height=\"380\" srcset=\"https:\/\/www.usmbrasil.com.br\/site\/wp-content\/uploads\/2020\/02\/MCF-304.jpg 266w, https:\/\/www.usmbrasil.com.br\/site\/wp-content\/uploads\/2020\/02\/MCF-304-210x300.jpg 210w\" sizes=\"(max-width: 266px) 100vw, 266px\" \/>A m\u00e1quina de conformar contrafortes MCF-304 proporciona uma f\u00e1cil opera\u00e7\u00e3o com grande flexibilidade. Foi desenhada para oferecer aos fabricantes de cal\u00e7ados uma combina\u00e7\u00e3o de alta qualidade, rendimento com m\u00e1ximo de versatilidade e f\u00e1cil opera\u00e7\u00e3o para todos os tipos de contrafortes e cal\u00e7ados.<\/p>\n<div>\u00a0Excelente modelado e laminado do corte, contrafortes e forro, obtido pela for\u00e7a pneumatica distribu\u00edda uniformemente em toda a superficie dos moldes.<\/div>\n<div>\u00a0<\/div>\n<div>O sistema exclusivo para segurar o cabedal com pin\u00e7as, faz com que a conforma\u00e7\u00e3o de traseiros de sand\u00e1lias seja mais segura, sem o perigo de esmagamento dos dedos.<\/div>\n<div>\u00a0<\/div>\n<div><img loading=\"lazy\" class=\"size-full wp-image-261 alignright\" src=\"https:\/\/www.usmbrasil.com.br\/site\/wp-content\/uploads\/2022\/10\/carac.jpg\" alt=\"\" width=\"459\" height=\"294\" srcset=\"https:\/\/www.usmbrasil.com.br\/site\/wp-content\/uploads\/2022\/10\/carac.jpg 459w, https:\/\/www.usmbrasil.com.br\/site\/wp-content\/uploads\/2022\/10\/carac-300x192.jpg 300w\" sizes=\"(max-width: 459px) 100vw, 459px\" \/><\/div>\n<div>\u00a0<\/div>\n<div>\u00a0<\/div>\n<div>\u00a0<\/div>\n<div>\u00a0<\/div>\n<div>\u00a0<\/div>\n<div><a href=\"https:\/\/usmbrasil.com.br\/site\/wp-content\/uploads\/pdf\/mcf-304.pdf\">VEJA O PDF COMPLETO AQUI<\/a><\/div>","protected":false},"excerpt":{"rendered":"<p>\u00a0 A m\u00e1quina de conformar contrafortes MCF-304 proporciona uma f\u00e1cil opera\u00e7\u00e3o com grande flexibilidade. Foi desenhada para oferecer aos fabricantes de cal\u00e7ados uma combina\u00e7\u00e3o de alta qualidade, rendimento com m\u00e1ximo de versatilidade e f\u00e1cil opera\u00e7\u00e3o para todos os tipos de <a class=\"more-link\" href=\"https:\/\/www.usmbrasil.com.br\/site\/mcf-304\/\">Leia mais&#8230; &raquo;<\/a><\/p>\n","protected":false},"author":1,"featured_media":0,"parent":0,"menu_order":0,"comment_status":"closed","ping_status":"closed","template":"","meta":[],"_links":{"self":[{"href":"https:\/\/www.usmbrasil.com.br\/site\/wp-json\/wp\/v2\/pages\/68"}],"collection":[{"href":"https:\/\/www.usmbrasil.com.br\/site\/wp-json\/wp\/v2\/pages"}],"about":[{"href":"https:\/\/www.usmbrasil.com.br\/site\/wp-json\/wp\/v2\/types\/page"}],"author":[{"embeddable":true,"href":"https:\/\/www.usmbrasil.com.br\/site\/wp-json\/wp\/v2\/users\/1"}],"replies":[{"embeddable":true,"href":"https:\/\/www.usmbrasil.com.br\/site\/wp-json\/wp\/v2\/comments?post=68"}],"version-history":[{"count":14,"href":"https:\/\/www.usmbrasil.com.br\/site\/wp-json\/wp\/v2\/pages\/68\/revisions"}],"predecessor-version":[{"id":274,"href":"https:\/\/www.usmbrasil.com.br\/site\/wp-json\/wp\/v2\/pages\/68\/revisions\/274"}],"wp:attachment":[{"href":"https:\/\/www.usmbrasil.com.br\/site\/wp-json\/wp\/v2\/media?parent=68"}],"curies":[{"name":"wp","href":"https:\/\/api.w.org\/{rel}","templated":true}]}}