{"id":65,"date":"2020-02-28T11:42:42","date_gmt":"2020-02-28T11:42:42","guid":{"rendered":"https:\/\/www.usmbrasil.com.br\/site\/?page_id=65"},"modified":"2022-10-07T02:25:11","modified_gmt":"2022-10-07T02:25:11","slug":"calceiras-chenfeng","status":"publish","type":"page","link":"https:\/\/www.usmbrasil.com.br\/site\/calceiras-chenfeng\/","title":{"rendered":"Calceiras &#8211; Chenfeng"},"content":{"rendered":"\n<p><\/p>\n\n\n<p>\u00a0<\/p>\n<p><img loading=\"lazy\" class=\"size-medium wp-image-66 alignleft\" src=\"https:\/\/www.usmbrasil.com.br\/site\/wp-content\/uploads\/2020\/02\/calceirasFoto-210x300.jpg\" alt=\"\" width=\"210\" height=\"300\" srcset=\"https:\/\/www.usmbrasil.com.br\/site\/wp-content\/uploads\/2020\/02\/calceirasFoto-210x300.jpg 210w, https:\/\/www.usmbrasil.com.br\/site\/wp-content\/uploads\/2020\/02\/calceirasFoto.jpg 266w\" sizes=\"(max-width: 210px) 100vw, 210px\" \/><\/p>\n<p><strong>CF-639 MA<\/strong><\/p>\n<p>Maquina hidro-pneum\u00e1tica de montar o assento do salto e enfranque em uma unica opera\u00e7\u00e3o \u00e0 cola. \u00c9 equipada com um part de injetores flutuantes que usam cola de poliester ou poliamida, garantindo grande flexibilidade.<\/p>\n<div>O ponto final da aplica\u00e7\u00e3o de cola \u00e9 regulado atrav\u00e9s de um ponto de laser indicando o local, deixando mais rapido e simples o ajuste. A abertura dos bicos injetores pode ser feita no modo de c\u00f3pia do formato da forma, ou de abertura por press\u00e3o constante. S\u00e3o tr\u00eas op\u00e7\u00f5es de volume de cola aplicada e o ajuste pode ser feito para o calcanhar e enfranque separadamente.<\/div>\n<div>\u00a0<\/div>\n<div>O IHM \u00e9 touchscreen e trabalha com elementos gr\u00e1ficos, deixando mais intuitivo seu uso. Os ajustes s\u00e3o por meio de um teclado numerico com prote\u00e7\u00e3o por senha.<\/div>\n<div>\u00a0<\/div>\n<div>A montagem do enfranque \u00e9 por dedos de borracha, que trabalham desde a \u00e1rea do calcanhar e possuem tegulagens de altura individuais e trabalham com 2 press\u00f5es de aperto no fechamento.<\/div>\n<div>\u00a0<\/div>\n<div>Duas pin\u00e7as ajudam a puxar o cabedal na \u00e1rea do enfranque e calcanhar.<\/div>\n<div>\u00a0<\/div>\n<div><strong>CF-625 T<\/strong><\/div>\n<div>\n<div>Esta m\u00e1quina \u00e9 especialmente desenhada para atender aos requisitos tecnicos para a montagem dos sapatos de melhor qualidade poss\u00edvel. Ap\u00f3s o bico e o enfranque estarem montados, esta m\u00e1quina faz o fechamento e aplica tachas na \u00e1rea do calcanhar. O resultado \u00e9 incrivel.<\/div>\n<div>\u00a0<\/div>\n<div>Esta m\u00e1quina economiza trabalho manual, aumenta a qualidade e a produ\u00e7\u00e3o.<\/div>\n<div>\u00a0<\/div>\n<div>A cinta agarra a forma de forma perfeita. Isso produz um melhor resultado e um posicionamento adequado da altura do cabedal, e isso pode ser facilmente ajustada.<\/div>\n<div>\u00a0<\/div>\n<div>De acordo com o tipo de sapato a ser montado, o numero de tachas pode ser ajustado de 8 a 22 tachas. Quando os tamanhos e perfis s\u00e3o diferentes, as tesouras podem ser facilmente ajustadas para compensar essa diferen\u00e7a, sem serem trocadas.<\/div>\n<div>\u00a0<\/div>\n<div><strong>CF-727 A<\/strong><\/div>\n<div>\n<div>Esta maquina \u00e9 adequada para montar sapatos em geral com o calcanhar de at\u00e9 180mm de altura. \u00c9 equipada com sensor de altura da forma, o que facilita a regulagem e garante uniformidade no posicionamento.<\/div>\n<div>\u00a0<\/div>\n<div>Temos tesouras e cintas de varios tamanhos, que funcionam com qualquer tamanho de sapato. As cintas s\u00e3o montadas com correntes e podem assim produzir um \u00f3timo resultado na montagem.<\/div>\n<div>\u00a0<\/div>\n<div>A prensagem trabalha em cima da tesoura quente, o que melhor o resultado, deixando a planta mais lisa e com a quina melhor definida.<\/div>\n<\/div>\n<\/div>\n<div>\u00a0<\/div>\n<div>\u00a0<\/div>\n<div><a href=\"https:\/\/www.usmbrasil.com.br\/site\/contato\/\">CONSULTE OS MODELOS DISPON\u00cdVEIS<\/a><\/div>","protected":false},"excerpt":{"rendered":"<p>\u00a0 CF-639 MA Maquina hidro-pneum\u00e1tica de montar o assento do salto e enfranque em uma unica opera\u00e7\u00e3o \u00e0 cola. \u00c9 equipada com um part de injetores flutuantes que usam cola de poliester ou poliamida, garantindo grande flexibilidade. O ponto final <a class=\"more-link\" href=\"https:\/\/www.usmbrasil.com.br\/site\/calceiras-chenfeng\/\">Leia mais&#8230; &raquo;<\/a><\/p>\n","protected":false},"author":1,"featured_media":0,"parent":0,"menu_order":0,"comment_status":"closed","ping_status":"closed","template":"","meta":[],"_links":{"self":[{"href":"https:\/\/www.usmbrasil.com.br\/site\/wp-json\/wp\/v2\/pages\/65"}],"collection":[{"href":"https:\/\/www.usmbrasil.com.br\/site\/wp-json\/wp\/v2\/pages"}],"about":[{"href":"https:\/\/www.usmbrasil.com.br\/site\/wp-json\/wp\/v2\/types\/page"}],"author":[{"embeddable":true,"href":"https:\/\/www.usmbrasil.com.br\/site\/wp-json\/wp\/v2\/users\/1"}],"replies":[{"embeddable":true,"href":"https:\/\/www.usmbrasil.com.br\/site\/wp-json\/wp\/v2\/comments?post=65"}],"version-history":[{"count":7,"href":"https:\/\/www.usmbrasil.com.br\/site\/wp-json\/wp\/v2\/pages\/65\/revisions"}],"predecessor-version":[{"id":248,"href":"https:\/\/www.usmbrasil.com.br\/site\/wp-json\/wp\/v2\/pages\/65\/revisions\/248"}],"wp:attachment":[{"href":"https:\/\/www.usmbrasil.com.br\/site\/wp-json\/wp\/v2\/media?parent=65"}],"curies":[{"name":"wp","href":"https:\/\/api.w.org\/{rel}","templated":true}]}}