{"id":59,"date":"2020-02-28T11:38:31","date_gmt":"2020-02-28T11:38:31","guid":{"rendered":"https:\/\/www.usmbrasil.com.br\/site\/?page_id=59"},"modified":"2022-10-07T02:34:19","modified_gmt":"2022-10-07T02:34:19","slug":"chenfeng-maquina-de-montar-bicos","status":"publish","type":"page","link":"https:\/\/www.usmbrasil.com.br\/site\/chenfeng-maquina-de-montar-bicos\/","title":{"rendered":"M\u00e1quina de Montar Bicos &#8211; Chenfeng"},"content":{"rendered":"\n<p><\/p>\n\n\n<p>\u00a0<\/p>\n<p><img loading=\"lazy\" class=\"alignleft wp-image-60 size-full\" src=\"https:\/\/www.usmbrasil.com.br\/site\/wp-content\/uploads\/2020\/02\/CF-777MA.jpg\" alt=\"\" width=\"266\" height=\"380\" srcset=\"https:\/\/www.usmbrasil.com.br\/site\/wp-content\/uploads\/2020\/02\/CF-777MA.jpg 266w, https:\/\/www.usmbrasil.com.br\/site\/wp-content\/uploads\/2020\/02\/CF-777MA-210x300.jpg 210w\" sizes=\"(max-width: 266px) 100vw, 266px\" \/><\/p>\n<p>M\u00e1quina de montar bicos totalmente hidr\u00e1ulica com aplica\u00e7\u00e3o de cola do tipo Hot-Melt. Com circuitos de alta e baixa press\u00e3o, esta m\u00e1quina faz movimentos suaves mas cont\u00e9m for\u00e7a para garantir um \u00f3timo acabamento.<\/p>\n<p>O CLP comanda toda a m\u00e1quina e os ajustes s\u00e3o feitos atrav\u00e9s de um IHM touchscreen com icones gr\u00e1ficos. Os parametros de configura\u00e7\u00e3o cont\u00e9m prote\u00e7\u00e3o contra a modifica\u00e7\u00e3o por pessoas n\u00e3o autorizadas. Tambem conta com uma memoria de at\u00e9 100 programas de montagem e um diagn\u00f3stico de erro que informa o qualquer problema na m\u00e1quina.<\/p>\n<p>O ajuste do perfil das pin\u00e7as \u00e9 feito atrav\u00e9s de motor el\u00e9trico, e os lados podem ser modificados individualmente. A pin\u00e7a do bico pode ser ajustada em 15\u00b0 para esquerda ou direita, e a posi\u00e7\u00e3o atual \u00e9 mostrada na tela.<\/p>\n<p>O ajuste do p\u00e9zinho \u00e9 feito atrav\u00e9s de um man\u00edpulo fora da m\u00e1quina, e o valor \u00e9 mostrado na tela. A subida do p\u00e9zinho \u00e9 feito em duas etapas, prevenindo assim que a forma se desloque na entrada do apoio do calcanhar.<\/p>\n<p>O aplicador de cola \u00e9 desenhado para se ajustar rapidamente \u00e0 largura do sapato, e ao lado do p\u00e9 que est\u00e1 sendo montado. A posi\u00e7\u00e3o do aplicador pode ser ajustado pra frente e para tras em 16mm atrav\u00e9s de um man\u00edpulo na frente da m\u00e1quina.<\/p>\n<p>\u00a0<\/p>\n\n<p><a href=\"https:\/\/www.usmbrasil.com.br\/site\/contato\/\">CONSULTE OS MODELOS DISPON\u00cdVEIS<\/a><\/p>\n<p>CF-737 MA<br \/>CF-738 MA<br \/>CF-739 MA<br \/>CF-747 MA<br \/>CF-777 MA<\/p>","protected":false},"excerpt":{"rendered":"<p>\u00a0 M\u00e1quina de montar bicos totalmente hidr\u00e1ulica com aplica\u00e7\u00e3o de cola do tipo Hot-Melt. Com circuitos de alta e baixa press\u00e3o, esta m\u00e1quina faz movimentos suaves mas cont\u00e9m for\u00e7a para garantir um \u00f3timo acabamento. O CLP comanda toda a m\u00e1quina <a class=\"more-link\" href=\"https:\/\/www.usmbrasil.com.br\/site\/chenfeng-maquina-de-montar-bicos\/\">Leia mais&#8230; &raquo;<\/a><\/p>\n","protected":false},"author":1,"featured_media":0,"parent":0,"menu_order":0,"comment_status":"closed","ping_status":"closed","template":"","meta":[],"_links":{"self":[{"href":"https:\/\/www.usmbrasil.com.br\/site\/wp-json\/wp\/v2\/pages\/59"}],"collection":[{"href":"https:\/\/www.usmbrasil.com.br\/site\/wp-json\/wp\/v2\/pages"}],"about":[{"href":"https:\/\/www.usmbrasil.com.br\/site\/wp-json\/wp\/v2\/types\/page"}],"author":[{"embeddable":true,"href":"https:\/\/www.usmbrasil.com.br\/site\/wp-json\/wp\/v2\/users\/1"}],"replies":[{"embeddable":true,"href":"https:\/\/www.usmbrasil.com.br\/site\/wp-json\/wp\/v2\/comments?post=59"}],"version-history":[{"count":10,"href":"https:\/\/www.usmbrasil.com.br\/site\/wp-json\/wp\/v2\/pages\/59\/revisions"}],"predecessor-version":[{"id":255,"href":"https:\/\/www.usmbrasil.com.br\/site\/wp-json\/wp\/v2\/pages\/59\/revisions\/255"}],"wp:attachment":[{"href":"https:\/\/www.usmbrasil.com.br\/site\/wp-json\/wp\/v2\/media?parent=59"}],"curies":[{"name":"wp","href":"https:\/\/api.w.org\/{rel}","templated":true}]}}