{"id":344,"date":"2022-11-28T04:53:40","date_gmt":"2022-11-28T04:53:40","guid":{"rendered":"https:\/\/www.usmbrasil.com.br\/site\/?page_id=344"},"modified":"2022-11-28T04:58:34","modified_gmt":"2022-11-28T04:58:34","slug":"mcf-537","status":"publish","type":"page","link":"https:\/\/www.usmbrasil.com.br\/site\/mcf-537\/","title":{"rendered":"MCF-537"},"content":{"rendered":"<p><img loading=\"lazy\" class=\"size-full wp-image-346 alignleft\" src=\"https:\/\/www.usmbrasil.com.br\/site\/wp-content\/uploads\/2022\/11\/MCF537.jpg\" alt=\"\" width=\"420\" height=\"600\" srcset=\"https:\/\/www.usmbrasil.com.br\/site\/wp-content\/uploads\/2022\/11\/MCF537.jpg 420w, https:\/\/www.usmbrasil.com.br\/site\/wp-content\/uploads\/2022\/11\/MCF537-210x300.jpg 210w\" sizes=\"(max-width: 420px) 100vw, 420px\" \/>A nova MCF-537 nasce com o prop\u00f3sito de completar a consagrada fam\u00edlia de maquinas de conformar a um pre\u00e7o reduzido sem perder a qualidade de conforma\u00e7\u00e3o.<\/p>\n<p>Sob um projeto ja consagrado de uma das<br \/>\nm\u00e1quinas USM mais vendidas no mercado, ela vem com o objetivo de aumentar a produ\u00e7\u00e3o das empresas cal\u00e7adistas, com uma qualidade de conforma\u00e7\u00e3o surpreendente.<\/p>\n<p>Melhorias importantes foram introduzida nesta m\u00e1quina, visando a cria\u00e7\u00e3o de diferenciais de qualidade em rela\u00e7\u00e3o \u00e0 maquinas do\u00a0 mesmo n\u00edvel existentes no mercado.<\/p>\n<p>Entre elas, destacamos:<\/p>\n<ul>\n<li>Novo sistema de aperto lateral na ativa\u00e7\u00e3o, que permite ao contra-forte ser ativado mais uniformemente.<\/li>\n<\/ul>\n<ul>\n<li>As pin\u00e7as de estiramento agora tem 4 regulagens de altura, permitindo a conforma\u00e7\u00e3o de sapatos com salto alto e baixo na mesma m\u00e1quina.<\/li>\n<\/ul>\n<ul>\n<li>A regulagem de altura dos suportes dos moldes gelados evitam a necessidade de troca quando \u00e9 preciso usar a m\u00e1quina com formas viradas.<\/li>\n<\/ul>\n<ul>\n<li>A unidade de refrigera\u00e7\u00e3o conta com um aparador de \u00e1gua condensada.<\/li>\n<\/ul>\n<p>A M\u00e1quina de Conformar Contra-fortes MCF-537 proporciona uma f\u00e1cil opera\u00e7\u00e3o com grande flexibilidade. Foi desenhada para\u00a0 oferecer aos fabricantes de cal\u00e7ados uma combina\u00e7\u00e3o de alto rendimento com bastante versatilidade e facil opera\u00e7\u00e3o para todos os tipos de contra-fortes e cal\u00e7ados.<\/p>\n<p>Os ativadores tem temporizadores\u00a0 individuais, permitindo que o operador ajuste cada lado da melhor forma, e garantindo uma\u00a0 conforma\u00e7\u00e3o uniforme para toda a produ\u00e7\u00e3o. O controlador de temperatura permita que o ajuste de temperatura seja feito mais rapidamente para diferentes tipos de material.<\/p>\n<p>Esta m\u00e1quina se adequa a cortes masculinos, femininos, infantis e para botas, assim como para mocassins, strobel sewn, welted e botas stich down.<\/p>\n<p><img loading=\"lazy\" class=\"alignnone wp-image-348 size-full\" src=\"https:\/\/www.usmbrasil.com.br\/site\/wp-content\/uploads\/2022\/11\/dados-tecnicos.jpg\" alt=\"\" width=\"721\" height=\"162\" srcset=\"https:\/\/www.usmbrasil.com.br\/site\/wp-content\/uploads\/2022\/11\/dados-tecnicos.jpg 721w, https:\/\/www.usmbrasil.com.br\/site\/wp-content\/uploads\/2022\/11\/dados-tecnicos-300x67.jpg 300w\" sizes=\"(max-width: 721px) 100vw, 721px\" \/><\/p>\n","protected":false},"excerpt":{"rendered":"<p>A nova MCF-537 nasce com o prop\u00f3sito de completar a consagrada fam\u00edlia de maquinas de conformar a um pre\u00e7o reduzido sem perder a qualidade de conforma\u00e7\u00e3o. Sob um projeto ja consagrado de uma das m\u00e1quinas USM mais vendidas no mercado, <a class=\"more-link\" href=\"https:\/\/www.usmbrasil.com.br\/site\/mcf-537\/\">Leia mais&#8230; &raquo;<\/a><\/p>\n","protected":false},"author":1,"featured_media":0,"parent":0,"menu_order":0,"comment_status":"closed","ping_status":"closed","template":"","meta":[],"_links":{"self":[{"href":"https:\/\/www.usmbrasil.com.br\/site\/wp-json\/wp\/v2\/pages\/344"}],"collection":[{"href":"https:\/\/www.usmbrasil.com.br\/site\/wp-json\/wp\/v2\/pages"}],"about":[{"href":"https:\/\/www.usmbrasil.com.br\/site\/wp-json\/wp\/v2\/types\/page"}],"author":[{"embeddable":true,"href":"https:\/\/www.usmbrasil.com.br\/site\/wp-json\/wp\/v2\/users\/1"}],"replies":[{"embeddable":true,"href":"https:\/\/www.usmbrasil.com.br\/site\/wp-json\/wp\/v2\/comments?post=344"}],"version-history":[{"count":3,"href":"https:\/\/www.usmbrasil.com.br\/site\/wp-json\/wp\/v2\/pages\/344\/revisions"}],"predecessor-version":[{"id":350,"href":"https:\/\/www.usmbrasil.com.br\/site\/wp-json\/wp\/v2\/pages\/344\/revisions\/350"}],"wp:attachment":[{"href":"https:\/\/www.usmbrasil.com.br\/site\/wp-json\/wp\/v2\/media?parent=344"}],"curies":[{"name":"wp","href":"https:\/\/api.w.org\/{rel}","templated":true}]}}