{"id":337,"date":"2022-11-28T04:44:48","date_gmt":"2022-11-28T04:44:48","guid":{"rendered":"https:\/\/www.usmbrasil.com.br\/site\/?page_id=337"},"modified":"2022-11-28T04:44:48","modified_gmt":"2022-11-28T04:44:48","slug":"mcf-311","status":"publish","type":"page","link":"https:\/\/www.usmbrasil.com.br\/site\/mcf-311\/","title":{"rendered":"MCF-311"},"content":{"rendered":"<p><img loading=\"lazy\" class=\"alignleft wp-image-338 size-full\" src=\"https:\/\/www.usmbrasil.com.br\/site\/wp-content\/uploads\/2022\/11\/MCF311.jpg\" alt=\"\" width=\"420\" height=\"600\" srcset=\"https:\/\/www.usmbrasil.com.br\/site\/wp-content\/uploads\/2022\/11\/MCF311.jpg 420w, https:\/\/www.usmbrasil.com.br\/site\/wp-content\/uploads\/2022\/11\/MCF311-210x300.jpg 210w\" sizes=\"(max-width: 420px) 100vw, 420px\" \/>\u00a0A m\u00e1quina de conformar contrafortes MCF-311 foi desenvolvida dentro das mais atuais caracter\u00edsticas e exigencias da fabrica\u00e7\u00e3o de sapatos, onde se destaca o comando eletr\u00f4nico micro processado que oferece atrav\u00e9s de display informa\u00e7\u00f5es b\u00e1sicas ao operador sobre o funcionamento da m\u00e1quina.<\/p>\n<p>O inovador sistema de funcionamento das tesouras com um movimento rotular de avan\u00e7o e em seguida com um movimento vertical, pressionando a base do molde de alum\u00ednio e assegurando o total aproveitamento da sobra do corte e contraforte que dobram na base do molde de alum\u00ednio.<\/p>\n<p><img loading=\"lazy\" class=\"alignnone size-full wp-image-339\" src=\"https:\/\/www.usmbrasil.com.br\/site\/wp-content\/uploads\/2022\/11\/descricao.jpg\" alt=\"\" width=\"760\" height=\"701\" srcset=\"https:\/\/www.usmbrasil.com.br\/site\/wp-content\/uploads\/2022\/11\/descricao.jpg 760w, https:\/\/www.usmbrasil.com.br\/site\/wp-content\/uploads\/2022\/11\/descricao-300x277.jpg 300w\" sizes=\"(max-width: 760px) 100vw, 760px\" \/><\/p>\n<p><img loading=\"lazy\" class=\"alignnone size-full wp-image-340\" src=\"https:\/\/www.usmbrasil.com.br\/site\/wp-content\/uploads\/2022\/11\/dados_tecnicos.jpg\" alt=\"\" width=\"726\" height=\"165\" srcset=\"https:\/\/www.usmbrasil.com.br\/site\/wp-content\/uploads\/2022\/11\/dados_tecnicos.jpg 726w, https:\/\/www.usmbrasil.com.br\/site\/wp-content\/uploads\/2022\/11\/dados_tecnicos-300x68.jpg 300w\" sizes=\"(max-width: 726px) 100vw, 726px\" \/><\/p>\n","protected":false},"excerpt":{"rendered":"<p>\u00a0A m\u00e1quina de conformar contrafortes MCF-311 foi desenvolvida dentro das mais atuais caracter\u00edsticas e exigencias da fabrica\u00e7\u00e3o de sapatos, onde se destaca o comando eletr\u00f4nico micro processado que oferece atrav\u00e9s de display informa\u00e7\u00f5es b\u00e1sicas ao operador sobre o funcionamento da <a class=\"more-link\" href=\"https:\/\/www.usmbrasil.com.br\/site\/mcf-311\/\">Leia mais&#8230; &raquo;<\/a><\/p>\n","protected":false},"author":1,"featured_media":0,"parent":0,"menu_order":0,"comment_status":"closed","ping_status":"closed","template":"","meta":[],"_links":{"self":[{"href":"https:\/\/www.usmbrasil.com.br\/site\/wp-json\/wp\/v2\/pages\/337"}],"collection":[{"href":"https:\/\/www.usmbrasil.com.br\/site\/wp-json\/wp\/v2\/pages"}],"about":[{"href":"https:\/\/www.usmbrasil.com.br\/site\/wp-json\/wp\/v2\/types\/page"}],"author":[{"embeddable":true,"href":"https:\/\/www.usmbrasil.com.br\/site\/wp-json\/wp\/v2\/users\/1"}],"replies":[{"embeddable":true,"href":"https:\/\/www.usmbrasil.com.br\/site\/wp-json\/wp\/v2\/comments?post=337"}],"version-history":[{"count":1,"href":"https:\/\/www.usmbrasil.com.br\/site\/wp-json\/wp\/v2\/pages\/337\/revisions"}],"predecessor-version":[{"id":341,"href":"https:\/\/www.usmbrasil.com.br\/site\/wp-json\/wp\/v2\/pages\/337\/revisions\/341"}],"wp:attachment":[{"href":"https:\/\/www.usmbrasil.com.br\/site\/wp-json\/wp\/v2\/media?parent=337"}],"curies":[{"name":"wp","href":"https:\/\/api.w.org\/{rel}","templated":true}]}}