{"id":331,"date":"2022-11-01T03:09:41","date_gmt":"2022-11-01T03:09:41","guid":{"rendered":"https:\/\/www.usmbrasil.com.br\/site\/?page_id=331"},"modified":"2022-11-01T03:13:09","modified_gmt":"2022-11-01T03:13:09","slug":"mcf-308","status":"publish","type":"page","link":"https:\/\/www.usmbrasil.com.br\/site\/mcf-308\/","title":{"rendered":"MCF-308"},"content":{"rendered":"\n<p><\/p>\n\n\n<p>\u00a0<\/p>\n<p><img loading=\"lazy\" class=\"size-full wp-image-332 alignleft\" src=\"https:\/\/www.usmbrasil.com.br\/site\/wp-content\/uploads\/2022\/11\/MCF308.jpg\" alt=\"\" width=\"420\" height=\"600\" srcset=\"https:\/\/www.usmbrasil.com.br\/site\/wp-content\/uploads\/2022\/11\/MCF308.jpg 420w, https:\/\/www.usmbrasil.com.br\/site\/wp-content\/uploads\/2022\/11\/MCF308-210x300.jpg 210w\" sizes=\"(max-width: 420px) 100vw, 420px\" \/>A m\u00e1quina de conformar contrafortes MCF-308 proporciona uma f\u00e1cil opera\u00e7\u00e3o com grande flexibilidade. Foi desenhada para oferecer aos fabricantes de cal\u00e7ados uma combina\u00e7\u00e3o de alta qualidade, rendimento com m\u00e1ximo de versatilidade e f\u00e1cil opera\u00e7\u00e3o para todos os tipos de contrafortes e cal\u00e7ados.<\/p>\n<p>Excelente modelado e laminado do corte, contrafortes e forro, obtido pela for\u00e7a pneum\u00e1tica distribu\u00edda uniformemente em toda a superf\u00edcie dos moldes.<\/p>\n<p>Constru\u00edda em forma dupla para uma maior versatilidade e melhor acabamento em uma linha com grande diferen\u00e7a entre numera\u00e7\u00f5es. Com 2 pares de formas com n\u00fameros m\u00e9dios, o acabamento em tamanhos muito grandes ou muito pequenos ganha qualidade e precis\u00e3o.<\/p>","protected":false},"excerpt":{"rendered":"<p>\u00a0 A m\u00e1quina de conformar contrafortes MCF-308 proporciona uma f\u00e1cil opera\u00e7\u00e3o com grande flexibilidade. Foi desenhada para oferecer aos fabricantes de cal\u00e7ados uma combina\u00e7\u00e3o de alta qualidade, rendimento com m\u00e1ximo de versatilidade e f\u00e1cil opera\u00e7\u00e3o para todos os tipos de <a class=\"more-link\" href=\"https:\/\/www.usmbrasil.com.br\/site\/mcf-308\/\">Leia mais&#8230; &raquo;<\/a><\/p>\n","protected":false},"author":1,"featured_media":0,"parent":0,"menu_order":0,"comment_status":"closed","ping_status":"closed","template":"","meta":[],"_links":{"self":[{"href":"https:\/\/www.usmbrasil.com.br\/site\/wp-json\/wp\/v2\/pages\/331"}],"collection":[{"href":"https:\/\/www.usmbrasil.com.br\/site\/wp-json\/wp\/v2\/pages"}],"about":[{"href":"https:\/\/www.usmbrasil.com.br\/site\/wp-json\/wp\/v2\/types\/page"}],"author":[{"embeddable":true,"href":"https:\/\/www.usmbrasil.com.br\/site\/wp-json\/wp\/v2\/users\/1"}],"replies":[{"embeddable":true,"href":"https:\/\/www.usmbrasil.com.br\/site\/wp-json\/wp\/v2\/comments?post=331"}],"version-history":[{"count":2,"href":"https:\/\/www.usmbrasil.com.br\/site\/wp-json\/wp\/v2\/pages\/331\/revisions"}],"predecessor-version":[{"id":335,"href":"https:\/\/www.usmbrasil.com.br\/site\/wp-json\/wp\/v2\/pages\/331\/revisions\/335"}],"wp:attachment":[{"href":"https:\/\/www.usmbrasil.com.br\/site\/wp-json\/wp\/v2\/media?parent=331"}],"curies":[{"name":"wp","href":"https:\/\/api.w.org\/{rel}","templated":true}]}}