{"id":310,"date":"2022-11-01T02:30:49","date_gmt":"2022-11-01T02:30:49","guid":{"rendered":"https:\/\/www.usmbrasil.com.br\/site\/?page_id=310"},"modified":"2022-11-01T03:01:14","modified_gmt":"2022-11-01T03:01:14","slug":"mca-101","status":"publish","type":"page","link":"https:\/\/www.usmbrasil.com.br\/site\/mca-101\/","title":{"rendered":"MCA-101"},"content":{"rendered":"\n<p><\/p>\n\n\n\n<p><\/p>\n\n\n<p>\u00a0<\/p>\n<p><img loading=\"lazy\" class=\"size-full wp-image-313 alignleft\" src=\"https:\/\/www.usmbrasil.com.br\/site\/wp-content\/uploads\/2022\/11\/MCA101.jpg\" alt=\"\" width=\"420\" height=\"600\" srcset=\"https:\/\/www.usmbrasil.com.br\/site\/wp-content\/uploads\/2022\/11\/MCA101.jpg 420w, https:\/\/www.usmbrasil.com.br\/site\/wp-content\/uploads\/2022\/11\/MCA101-210x300.jpg 210w\" sizes=\"(max-width: 420px) 100vw, 420px\" \/>A nova m\u00e1quina MCA-101 foi desenvolvida a partir da necessidade de uma linha mais acess\u00edvel de calceiras, e pela simplicidade de manuten\u00e7\u00e3o que a pneum\u00e1tica nos oferece.\u00a0<\/p>\n<p><span style=\"color: initial;\">Baseada numa maquina j\u00e1 consagrada no mercado, a nova Calceira MCA-101 vem com um visual moderno, com efici\u00eancia, e velocidade.<\/span><\/p>\n<p><span style=\"color: initial;\">A montagem conta com um aplicador de cola que distribui o adesivo por todo o calcanhar da forma, fazendo uma colagem uniforme e precisa.<\/span><\/p>\n<p>\u00a0<\/p>\n<p>\u00a0<\/p>\n<p>\u00a0<\/p>\n<p>\u00a0<\/p>\n<p>\u00a0<\/p>\n<p>\u00a0<\/p>\n<p>\u00a0<\/p>\n<p>\u00a0<\/p>\n<p>\u00a0<\/p>\n<p><img loading=\"lazy\" class=\"size-full wp-image-324 alignleft\" src=\"https:\/\/www.usmbrasil.com.br\/site\/wp-content\/uploads\/2022\/11\/texto.jpg\" alt=\"\" width=\"755\" height=\"595\" srcset=\"https:\/\/www.usmbrasil.com.br\/site\/wp-content\/uploads\/2022\/11\/texto.jpg 755w, https:\/\/www.usmbrasil.com.br\/site\/wp-content\/uploads\/2022\/11\/texto-300x236.jpg 300w\" sizes=\"(max-width: 755px) 100vw, 755px\" \/><\/p>\n<p><img loading=\"lazy\" class=\"alignnone size-full wp-image-322\" src=\"https:\/\/www.usmbrasil.com.br\/site\/wp-content\/uploads\/2022\/11\/especificacoes.jpg\" alt=\"\" width=\"759\" height=\"230\" srcset=\"https:\/\/www.usmbrasil.com.br\/site\/wp-content\/uploads\/2022\/11\/especificacoes.jpg 759w, https:\/\/www.usmbrasil.com.br\/site\/wp-content\/uploads\/2022\/11\/especificacoes-300x91.jpg 300w\" sizes=\"(max-width: 759px) 100vw, 759px\" \/><\/p>","protected":false},"excerpt":{"rendered":"<p>\u00a0 A nova m\u00e1quina MCA-101 foi desenvolvida a partir da necessidade de uma linha mais acess\u00edvel de calceiras, e pela simplicidade de manuten\u00e7\u00e3o que a pneum\u00e1tica nos oferece.\u00a0 Baseada numa maquina j\u00e1 consagrada no mercado, a nova Calceira MCA-101 vem <a class=\"more-link\" href=\"https:\/\/www.usmbrasil.com.br\/site\/mca-101\/\">Leia mais&#8230; &raquo;<\/a><\/p>\n","protected":false},"author":1,"featured_media":0,"parent":0,"menu_order":0,"comment_status":"closed","ping_status":"closed","template":"","meta":[],"_links":{"self":[{"href":"https:\/\/www.usmbrasil.com.br\/site\/wp-json\/wp\/v2\/pages\/310"}],"collection":[{"href":"https:\/\/www.usmbrasil.com.br\/site\/wp-json\/wp\/v2\/pages"}],"about":[{"href":"https:\/\/www.usmbrasil.com.br\/site\/wp-json\/wp\/v2\/types\/page"}],"author":[{"embeddable":true,"href":"https:\/\/www.usmbrasil.com.br\/site\/wp-json\/wp\/v2\/users\/1"}],"replies":[{"embeddable":true,"href":"https:\/\/www.usmbrasil.com.br\/site\/wp-json\/wp\/v2\/comments?post=310"}],"version-history":[{"count":11,"href":"https:\/\/www.usmbrasil.com.br\/site\/wp-json\/wp\/v2\/pages\/310\/revisions"}],"predecessor-version":[{"id":329,"href":"https:\/\/www.usmbrasil.com.br\/site\/wp-json\/wp\/v2\/pages\/310\/revisions\/329"}],"wp:attachment":[{"href":"https:\/\/www.usmbrasil.com.br\/site\/wp-json\/wp\/v2\/media?parent=310"}],"curies":[{"name":"wp","href":"https:\/\/api.w.org\/{rel}","templated":true}]}}