{"id":290,"date":"2022-10-28T03:33:05","date_gmt":"2022-10-28T03:33:05","guid":{"rendered":"https:\/\/www.usmbrasil.com.br\/site\/?page_id=290"},"modified":"2022-11-01T02:25:32","modified_gmt":"2022-11-01T02:25:32","slug":"6400-cc","status":"publish","type":"page","link":"https:\/\/www.usmbrasil.com.br\/site\/6400-cc\/","title":{"rendered":"Calceira 6400 CC"},"content":{"rendered":"\n<p><\/p>\n\n\n<p>\u00a0<\/p>\n<p><img loading=\"lazy\" class=\"alignleft wp-image-291\" src=\"https:\/\/www.usmbrasil.com.br\/site\/wp-content\/uploads\/2022\/10\/6400cc.jpg\" alt=\"\" width=\"406\" height=\"580\" srcset=\"https:\/\/www.usmbrasil.com.br\/site\/wp-content\/uploads\/2022\/10\/6400cc.jpg 420w, https:\/\/www.usmbrasil.com.br\/site\/wp-content\/uploads\/2022\/10\/6400cc-210x300.jpg 210w\" sizes=\"(max-width: 406px) 100vw, 406px\" \/>Esta m\u00e1quina foi desenvolvida a partir da s\u00e9rie\u00a0640 j\u00e1 consagrada no mercado. A constru\u00e7\u00e3o\u00a0desta m\u00e1quina incorporou todos os pontos\u00a0positivos da m\u00e1quina anterior combinados com\u00a0novos melhoramentos t\u00e9cnicos.<\/p>\n<p>A margem de montagem cabedal \u00e9 fixada sobre a\u00a0palmilha atrav\u00e9s de cola termopl\u00e1stica, e \u00e9\u00a0aplicada por bicos injetores programados para\u00a0contornar o perfil da planta do sapato.<\/p>\n<p>\u00a0<\/p>\n<p>\u00a0<\/p>\n<p>\u00a0<\/p>\n<p>\u00a0<\/p>\n<p>\u00a0<\/p>\n<p>\u00a0<\/p>\n<p>\u00a0<\/p>\n<p>\u00a0<\/p>\n<p>\u00a0<\/p>\n<p>\u00a0<\/p>\n<p><img loading=\"lazy\" class=\"wp-image-294 size-full alignleft\" src=\"https:\/\/www.usmbrasil.com.br\/site\/wp-content\/uploads\/2022\/10\/caracteristicas-6400-cc.jpg\" alt=\"\" width=\"445\" height=\"275\" srcset=\"https:\/\/www.usmbrasil.com.br\/site\/wp-content\/uploads\/2022\/10\/caracteristicas-6400-cc.jpg 445w, https:\/\/www.usmbrasil.com.br\/site\/wp-content\/uploads\/2022\/10\/caracteristicas-6400-cc-300x185.jpg 300w\" sizes=\"(max-width: 445px) 100vw, 445px\" \/><\/p>","protected":false},"excerpt":{"rendered":"<p>\u00a0 Esta m\u00e1quina foi desenvolvida a partir da s\u00e9rie\u00a0640 j\u00e1 consagrada no mercado. A constru\u00e7\u00e3o\u00a0desta m\u00e1quina incorporou todos os pontos\u00a0positivos da m\u00e1quina anterior combinados com\u00a0novos melhoramentos t\u00e9cnicos. A margem de montagem cabedal \u00e9 fixada sobre a\u00a0palmilha atrav\u00e9s de cola termopl\u00e1stica, <a class=\"more-link\" href=\"https:\/\/www.usmbrasil.com.br\/site\/6400-cc\/\">Leia mais&#8230; &raquo;<\/a><\/p>\n","protected":false},"author":1,"featured_media":0,"parent":0,"menu_order":0,"comment_status":"closed","ping_status":"closed","template":"","meta":[],"_links":{"self":[{"href":"https:\/\/www.usmbrasil.com.br\/site\/wp-json\/wp\/v2\/pages\/290"}],"collection":[{"href":"https:\/\/www.usmbrasil.com.br\/site\/wp-json\/wp\/v2\/pages"}],"about":[{"href":"https:\/\/www.usmbrasil.com.br\/site\/wp-json\/wp\/v2\/types\/page"}],"author":[{"embeddable":true,"href":"https:\/\/www.usmbrasil.com.br\/site\/wp-json\/wp\/v2\/users\/1"}],"replies":[{"embeddable":true,"href":"https:\/\/www.usmbrasil.com.br\/site\/wp-json\/wp\/v2\/comments?post=290"}],"version-history":[{"count":11,"href":"https:\/\/www.usmbrasil.com.br\/site\/wp-json\/wp\/v2\/pages\/290\/revisions"}],"predecessor-version":[{"id":305,"href":"https:\/\/www.usmbrasil.com.br\/site\/wp-json\/wp\/v2\/pages\/290\/revisions\/305"}],"wp:attachment":[{"href":"https:\/\/www.usmbrasil.com.br\/site\/wp-json\/wp\/v2\/media?parent=290"}],"curies":[{"name":"wp","href":"https:\/\/api.w.org\/{rel}","templated":true}]}}