{"id":181,"date":"2022-09-20T01:17:12","date_gmt":"2022-09-20T01:17:12","guid":{"rendered":"https:\/\/www.usmbrasil.com.br\/site\/?page_id=181"},"modified":"2022-11-01T02:26:49","modified_gmt":"2022-11-01T02:26:49","slug":"6400-c","status":"publish","type":"page","link":"https:\/\/www.usmbrasil.com.br\/site\/6400-c\/","title":{"rendered":"Calceira 6400 C"},"content":{"rendered":"\n<p><\/p>\n\n\n\n<p><\/p>\n\n\n\n<p><\/p>\n\n\n<div class=\"wp-block-image\">\n<figure class=\"alignleft size-large\"><img loading=\"lazy\" width=\"420\" height=\"600\" src=\"https:\/\/www.usmbrasil.com.br\/site\/wp-content\/uploads\/2022\/09\/6400cfoto.jpg\" alt=\"\" class=\"wp-image-182\" srcset=\"https:\/\/www.usmbrasil.com.br\/site\/wp-content\/uploads\/2022\/09\/6400cfoto.jpg 420w, https:\/\/www.usmbrasil.com.br\/site\/wp-content\/uploads\/2022\/09\/6400cfoto-210x300.jpg 210w\" sizes=\"(max-width: 420px) 100vw, 420px\" \/><\/figure><\/div>\n\n\n<p>Esta m\u00e1quina foi desenvolvida a partir da s\u00e9rie 640 j\u00e1 consagrada no mercado. A constru\u00e7\u00e3o desta m\u00e1quina incorporou todos os pontos positivos da m\u00e1quina anterior combinados com novos melhoramentos t\u00e9cnicos.<\/p>\n\n\n\n<p>A margem de montagem cabedal \u00e9 fixada sobre a palmilha atrav\u00e9s de cola termopl\u00e1stica, e \u00e9 aplicada por bicos injetores programados para contornar o perfil da planta do sapato.<\/p>\n\n\n\n<p><\/p>\n\n\n\n<p>Caracter\u00edsticas da 6400 C<\/p>\n\n\n\n<p>DIMENS\u00d5ES<br>Profundidade: 1750 mm<br>Largura: 1300 mm<br>Altura: 2000 mm<\/p>\n\n\n\n<p>PRODU\u00c7\u00c3O<br>Produ\u00e7\u00e3o: 200 Pares\/h<br>Moto-Bomba: 3 KW<br>Pot\u00eancia Instalada: 4 KW<br>Peso: 1320 Kg<br>Tens\u00e3o: 220V &#8211; 1 fase<\/p>\n","protected":false},"excerpt":{"rendered":"<p>Esta m\u00e1quina foi desenvolvida a partir da s\u00e9rie 640 j\u00e1 consagrada no mercado. A constru\u00e7\u00e3o desta m\u00e1quina incorporou todos os pontos positivos da m\u00e1quina anterior combinados com novos melhoramentos t\u00e9cnicos. A margem de montagem cabedal \u00e9 fixada sobre a palmilha <a class=\"more-link\" href=\"https:\/\/www.usmbrasil.com.br\/site\/6400-c\/\">Leia mais&#8230; &raquo;<\/a><\/p>\n","protected":false},"author":1,"featured_media":0,"parent":0,"menu_order":0,"comment_status":"closed","ping_status":"closed","template":"","meta":[],"_links":{"self":[{"href":"https:\/\/www.usmbrasil.com.br\/site\/wp-json\/wp\/v2\/pages\/181"}],"collection":[{"href":"https:\/\/www.usmbrasil.com.br\/site\/wp-json\/wp\/v2\/pages"}],"about":[{"href":"https:\/\/www.usmbrasil.com.br\/site\/wp-json\/wp\/v2\/types\/page"}],"author":[{"embeddable":true,"href":"https:\/\/www.usmbrasil.com.br\/site\/wp-json\/wp\/v2\/users\/1"}],"replies":[{"embeddable":true,"href":"https:\/\/www.usmbrasil.com.br\/site\/wp-json\/wp\/v2\/comments?post=181"}],"version-history":[{"count":9,"href":"https:\/\/www.usmbrasil.com.br\/site\/wp-json\/wp\/v2\/pages\/181\/revisions"}],"predecessor-version":[{"id":308,"href":"https:\/\/www.usmbrasil.com.br\/site\/wp-json\/wp\/v2\/pages\/181\/revisions\/308"}],"wp:attachment":[{"href":"https:\/\/www.usmbrasil.com.br\/site\/wp-json\/wp\/v2\/media?parent=181"}],"curies":[{"name":"wp","href":"https:\/\/api.w.org\/{rel}","templated":true}]}}